{"id":71,"date":"2025-11-14T09:11:39","date_gmt":"2025-11-14T09:11:39","guid":{"rendered":"https:\/\/www.izciahsap.net\/urunlerimiz\/"},"modified":"2026-03-16T18:21:35","modified_gmt":"2026-03-16T18:21:35","slug":"products","status":"publish","type":"page","link":"https:\/\/www.izciahsap.net\/en\/products\/","title":{"rendered":"PRODUCTS"},"content":{"rendered":"\t\t<div data-elementor-type=\"wp-page\" data-elementor-id=\"71\" class=\"elementor elementor-71 elementor-14\">\n\t\t\t\t\t\t<section class=\"wd-negative-gap elementor-section elementor-top-section elementor-element elementor-element-563184cc wd-section-stretch_row_content elementor-section-content-middle elementor-reverse-mobile elementor-section-boxed elementor-section-height-default elementor-section-height-default\" data-id=\"563184cc\" data-element_type=\"section\">\n\t\t\t\t\t\t<div class=\"elementor-container elementor-column-gap-default\">\n\t\t\t\t\t<div class=\"elementor-column elementor-col-50 elementor-top-column elementor-element elementor-element-44befe9d wd_scroll_x_80 wd_scroll_y_-1 wd_scroll_z_0 wd-parallax-on-scroll wd_scroll_smoothness_30\" data-id=\"44befe9d\" data-element_type=\"column\">\n\t\t\t<div class=\"elementor-widget-wrap elementor-element-populated\">\n\t\t\t\t\t\t<div class=\"elementor-element elementor-element-c2fc71c elementor-hidden-mobile elementor-widget elementor-widget-wd_text_block\" data-id=\"c2fc71c\" data-element_type=\"widget\" data-widget_type=\"wd_text_block.default\">\n\t\t\t\t<div class=\"elementor-widget-container\">\n\t\t\t\t\t\t\t<div class=\"wd-text-block reset-last-child text-right\">\n\t\t\t\n\t\t\t<p>03.<\/p>\n\t\t\t\t\t<\/div>\n\t\t\t\t\t\t<\/div>\n\t\t\t\t<\/div>\n\t\t\t\t<div class=\"elementor-element elementor-element-7e77d171 wd-width-100 elementor-widget elementor-widget-wd_title\" data-id=\"7e77d171\" data-element_type=\"widget\" data-widget_type=\"wd_title.default\">\n\t\t\t\t<div class=\"elementor-widget-container\">\n\t\t\t\t\t\t\t<div class=\"title-wrapper wd-set-mb reset-last-child wd-title-color-primary wd-title-style-underlined-2 wd-title-size-extra-large text-left\">\n\n\t\t\t\t\t\t\t\t\t\t\t<div class=\"title-subtitle subtitle-color-primary subtitle-style-default wd-fontsize-m\">\n\t\t\t\t\t\u0130 Z C \u0130 A H \u015e A P\t\t\t\t<\/div>\n\t\t\t\n\t\t\t<div class=\"liner-continer\">\n\t\t\t\t<h4 class=\"woodmart-title-container title wd-fontsize-xxxl wd-underline-colored\">Kitchen <u>Cabinets <\/u> <\/h4> \n\t\t\t\t\t\t\t<\/div>\n\n\t\t\t\t\t<\/div>\n\t\t\t\t\t\t<\/div>\n\t\t\t\t<\/div>\n\t\t\t\t<div class=\"elementor-element elementor-element-159c0ab9 elementor-widget elementor-widget-wd_text_block\" data-id=\"159c0ab9\" data-element_type=\"widget\" data-widget_type=\"wd_text_block.default\">\n\t\t\t\t<div class=\"elementor-widget-container\">\n\t\t\t\t\t\t\t<div class=\"wd-text-block reset-last-child text-left\">\n\t\t\t\n\t\t\t<p>Kitchen cabinetry solutions available in modern, classic or minimalist styles. Each design is developed according to usage flow, storage requirements and spatial aesthetics. Durable finishes and precise craftsmanship ensure long-term comfort and performance.<\/p>\n\t\t\t\t\t<\/div>\n\t\t\t\t\t\t<\/div>\n\t\t\t\t<\/div>\n\t\t\t\t\t<\/div>\n\t\t<\/div>\n\t\t\t\t<div class=\"elementor-column elementor-col-50 elementor-top-column elementor-element elementor-element-48c33726\" data-id=\"48c33726\" data-element_type=\"column\">\n\t\t\t<div class=\"elementor-widget-wrap elementor-element-populated\">\n\t\t\t\t\t\t<div class=\"elementor-element elementor-element-1c057d09 wd-parallax-on-scroll wd_scroll_x_-80 wd_scroll_y_-1 wd_scroll_smoothness_30 elementor-widget elementor-widget-wd_image_or_svg\" data-id=\"1c057d09\" data-element_type=\"widget\" data-widget_type=\"wd_image_or_svg.default\">\n\t\t\t\t<div class=\"elementor-widget-container\">\n\t\t\t\t\t\n\t\t<div class=\"wd-image text-center\">\n\t\t\t\t\t\t\t\t<img fetchpriority=\"high\" decoding=\"async\" width=\"2401\" height=\"1601\" src=\"https:\/\/www.izciahsap.net\/wp-content\/uploads\/2025\/11\/Custom-Kitchen-Woodwork.jpg\" class=\"attachment-full size-full\" alt=\"\" srcset=\"https:\/\/www.izciahsap.net\/wp-content\/uploads\/2025\/11\/Custom-Kitchen-Woodwork.jpg 2401w, https:\/\/www.izciahsap.net\/wp-content\/uploads\/2025\/11\/Custom-Kitchen-Woodwork-300x200.jpg 300w, https:\/\/www.izciahsap.net\/wp-content\/uploads\/2025\/11\/Custom-Kitchen-Woodwork-1024x683.jpg 1024w, https:\/\/www.izciahsap.net\/wp-content\/uploads\/2025\/11\/Custom-Kitchen-Woodwork-768x512.jpg 768w, https:\/\/www.izciahsap.net\/wp-content\/uploads\/2025\/11\/Custom-Kitchen-Woodwork-1536x1024.jpg 1536w, https:\/\/www.izciahsap.net\/wp-content\/uploads\/2025\/11\/Custom-Kitchen-Woodwork-2048x1366.jpg 2048w\" sizes=\"(max-width: 2401px) 100vw, 2401px\" \/>\t\t\t\t\t<\/div>\n\n\t\t\t\t\t\t<\/div>\n\t\t\t\t<\/div>\n\t\t\t\t\t<\/div>\n\t\t<\/div>\n\t\t\t\t\t<\/div>\n\t\t<\/section>\n\t\t\t\t<section class=\"wd-negative-gap elementor-section elementor-top-section elementor-element elementor-element-291b47a wd-section-stretch_row_content elementor-section-content-middle elementor-reverse-mobile elementor-section-boxed elementor-section-height-default elementor-section-height-default\" data-id=\"291b47a\" data-element_type=\"section\">\n\t\t\t\t\t\t<div class=\"elementor-container elementor-column-gap-default\">\n\t\t\t\t\t<div class=\"elementor-column elementor-col-50 elementor-top-column elementor-element elementor-element-7ccd5c0\" data-id=\"7ccd5c0\" data-element_type=\"column\">\n\t\t\t<div class=\"elementor-widget-wrap elementor-element-populated\">\n\t\t\t\t\t\t<div class=\"elementor-element elementor-element-c486657 wd-parallax-on-scroll wd_scroll_x_-80 wd_scroll_y_-1 wd_scroll_smoothness_30 elementor-widget elementor-widget-wd_image_or_svg\" data-id=\"c486657\" data-element_type=\"widget\" data-widget_type=\"wd_image_or_svg.default\">\n\t\t\t\t<div class=\"elementor-widget-container\">\n\t\t\t\t\t\n\t\t<div class=\"wd-image text-center\">\n\t\t\t\t\t\t\t\t<img decoding=\"async\" width=\"2401\" height=\"1601\" src=\"https:\/\/www.izciahsap.net\/wp-content\/uploads\/2025\/11\/Bedroom-Wardrobe-Systems.jpg\" class=\"attachment-full size-full\" alt=\"\" srcset=\"https:\/\/www.izciahsap.net\/wp-content\/uploads\/2025\/11\/Bedroom-Wardrobe-Systems.jpg 2401w, https:\/\/www.izciahsap.net\/wp-content\/uploads\/2025\/11\/Bedroom-Wardrobe-Systems-300x200.jpg 300w, https:\/\/www.izciahsap.net\/wp-content\/uploads\/2025\/11\/Bedroom-Wardrobe-Systems-1024x683.jpg 1024w, https:\/\/www.izciahsap.net\/wp-content\/uploads\/2025\/11\/Bedroom-Wardrobe-Systems-768x512.jpg 768w, https:\/\/www.izciahsap.net\/wp-content\/uploads\/2025\/11\/Bedroom-Wardrobe-Systems-1536x1024.jpg 1536w, https:\/\/www.izciahsap.net\/wp-content\/uploads\/2025\/11\/Bedroom-Wardrobe-Systems-2048x1366.jpg 2048w\" sizes=\"(max-width: 2401px) 100vw, 2401px\" \/>\t\t\t\t\t<\/div>\n\n\t\t\t\t\t\t<\/div>\n\t\t\t\t<\/div>\n\t\t\t\t\t<\/div>\n\t\t<\/div>\n\t\t\t\t<div class=\"elementor-column elementor-col-50 elementor-top-column elementor-element elementor-element-4a86e8a wd_scroll_x_80 wd_scroll_y_-1 wd_scroll_z_0 wd-parallax-on-scroll wd_scroll_smoothness_30\" data-id=\"4a86e8a\" data-element_type=\"column\">\n\t\t\t<div class=\"elementor-widget-wrap elementor-element-populated\">\n\t\t\t\t\t\t<div class=\"elementor-element elementor-element-29156a9 elementor-hidden-mobile elementor-widget elementor-widget-wd_text_block\" data-id=\"29156a9\" data-element_type=\"widget\" data-widget_type=\"wd_text_block.default\">\n\t\t\t\t<div class=\"elementor-widget-container\">\n\t\t\t\t\t\t\t<div class=\"wd-text-block reset-last-child text-right\">\n\t\t\t\n\t\t\t<p>03.<\/p>\n\t\t\t\t\t<\/div>\n\t\t\t\t\t\t<\/div>\n\t\t\t\t<\/div>\n\t\t\t\t<div class=\"elementor-element elementor-element-787fda3 wd-width-100 elementor-widget elementor-widget-wd_title\" data-id=\"787fda3\" data-element_type=\"widget\" data-widget_type=\"wd_title.default\">\n\t\t\t\t<div class=\"elementor-widget-container\">\n\t\t\t\t\t\t\t<div class=\"title-wrapper wd-set-mb reset-last-child wd-title-color-primary wd-title-style-underlined-2 wd-title-size-extra-large text-left\">\n\n\t\t\t\t\t\t\t\t\t\t\t<div class=\"title-subtitle subtitle-color-primary subtitle-style-default wd-fontsize-m\">\n\t\t\t\t\t\u0130 Z C \u0130 A H \u015e A P\t\t\t\t<\/div>\n\t\t\t\n\t\t\t<div class=\"liner-continer\">\n\t\t\t\t<h4 class=\"woodmart-title-container title wd-fontsize-xxxl wd-underline-colored\">Wardrobe &amp; Storage <u>Systems  <\/u> <\/h4> \n\t\t\t\t\t\t\t<\/div>\n\n\t\t\t\t\t<\/div>\n\t\t\t\t\t\t<\/div>\n\t\t\t\t<\/div>\n\t\t\t\t<div class=\"elementor-element elementor-element-04353ca elementor-widget elementor-widget-wd_text_block\" data-id=\"04353ca\" data-element_type=\"widget\" data-widget_type=\"wd_text_block.default\">\n\t\t\t\t<div class=\"elementor-widget-container\">\n\t\t\t\t\t\t\t<div class=\"wd-text-block reset-last-child text-left\">\n\t\t\t\n\t\t\t<p>Available in sliding, hinged or built-in configurations. Internal layout is designed according to user habits, offering organized storage with drawer, hanging and modular compartment combinations.<\/p>\n\t\t\t\t\t<\/div>\n\t\t\t\t\t\t<\/div>\n\t\t\t\t<\/div>\n\t\t\t\t\t<\/div>\n\t\t<\/div>\n\t\t\t\t\t<\/div>\n\t\t<\/section>\n\t\t\t\t<section class=\"wd-negative-gap elementor-section elementor-top-section elementor-element elementor-element-eff8a4e wd-section-stretch_row_content elementor-section-content-middle elementor-reverse-mobile elementor-section-boxed elementor-section-height-default elementor-section-height-default\" data-id=\"eff8a4e\" data-element_type=\"section\">\n\t\t\t\t\t\t<div class=\"elementor-container elementor-column-gap-default\">\n\t\t\t\t\t<div class=\"elementor-column elementor-col-50 elementor-top-column elementor-element elementor-element-1ea12e1 wd_scroll_x_80 wd_scroll_y_-1 wd_scroll_z_0 wd-parallax-on-scroll wd_scroll_smoothness_30\" data-id=\"1ea12e1\" data-element_type=\"column\">\n\t\t\t<div class=\"elementor-widget-wrap elementor-element-populated\">\n\t\t\t\t\t\t<div class=\"elementor-element elementor-element-2f31aa3 elementor-hidden-mobile elementor-widget elementor-widget-wd_text_block\" data-id=\"2f31aa3\" data-element_type=\"widget\" data-widget_type=\"wd_text_block.default\">\n\t\t\t\t<div class=\"elementor-widget-container\">\n\t\t\t\t\t\t\t<div class=\"wd-text-block reset-last-child text-right\">\n\t\t\t\n\t\t\t<p>03.<\/p>\n\t\t\t\t\t<\/div>\n\t\t\t\t\t\t<\/div>\n\t\t\t\t<\/div>\n\t\t\t\t<div class=\"elementor-element elementor-element-c2ab87e wd-width-100 elementor-widget elementor-widget-wd_title\" data-id=\"c2ab87e\" data-element_type=\"widget\" data-widget_type=\"wd_title.default\">\n\t\t\t\t<div class=\"elementor-widget-container\">\n\t\t\t\t\t\t\t<div class=\"title-wrapper wd-set-mb reset-last-child wd-title-color-primary wd-title-style-underlined-2 wd-title-size-extra-large text-left\">\n\n\t\t\t\t\t\t\t\t\t\t\t<div class=\"title-subtitle subtitle-color-primary subtitle-style-default wd-fontsize-m\">\n\t\t\t\t\t\u0130 Z C \u0130 A H \u015e A P\t\t\t\t<\/div>\n\t\t\t\n\t\t\t<div class=\"liner-continer\">\n\t\t\t\t<h4 class=\"woodmart-title-container title wd-fontsize-xxxl wd-underline-colored\">Office &amp; Commercial <u>Furniture <\/u> <\/h4> \n\t\t\t\t\t\t\t<\/div>\n\n\t\t\t\t\t<\/div>\n\t\t\t\t\t\t<\/div>\n\t\t\t\t<\/div>\n\t\t\t\t<div class=\"elementor-element elementor-element-def82c6 elementor-widget elementor-widget-wd_text_block\" data-id=\"def82c6\" data-element_type=\"widget\" data-widget_type=\"wd_text_block.default\">\n\t\t\t\t<div class=\"elementor-widget-container\">\n\t\t\t\t\t\t\t<div class=\"wd-text-block reset-last-child text-left\">\n\t\t\t\n\t\t\t<p>Desks, storage elements and workspace furnishings built for high-usage environments. Material and color selection aligns with brand identity, prioritizing durability and operational comfort.<\/p>\n\t\t\t\t\t<\/div>\n\t\t\t\t\t\t<\/div>\n\t\t\t\t<\/div>\n\t\t\t\t\t<\/div>\n\t\t<\/div>\n\t\t\t\t<div class=\"elementor-column elementor-col-50 elementor-top-column elementor-element elementor-element-3df92c5\" data-id=\"3df92c5\" data-element_type=\"column\">\n\t\t\t<div class=\"elementor-widget-wrap elementor-element-populated\">\n\t\t\t\t\t\t<div class=\"elementor-element elementor-element-29b949f wd-parallax-on-scroll wd_scroll_x_-80 wd_scroll_y_-1 wd_scroll_smoothness_30 elementor-widget elementor-widget-wd_image_or_svg\" data-id=\"29b949f\" data-element_type=\"widget\" data-widget_type=\"wd_image_or_svg.default\">\n\t\t\t\t<div class=\"elementor-widget-container\">\n\t\t\t\t\t\n\t\t<div class=\"wd-image text-center\">\n\t\t\t\t\t\t\t\t<img decoding=\"async\" width=\"2401\" height=\"1601\" src=\"https:\/\/www.izciahsap.net\/wp-content\/uploads\/2025\/11\/office.jpg\" class=\"attachment-full size-full\" alt=\"\" srcset=\"https:\/\/www.izciahsap.net\/wp-content\/uploads\/2025\/11\/office.jpg 2401w, https:\/\/www.izciahsap.net\/wp-content\/uploads\/2025\/11\/office-300x200.jpg 300w, https:\/\/www.izciahsap.net\/wp-content\/uploads\/2025\/11\/office-1024x683.jpg 1024w, https:\/\/www.izciahsap.net\/wp-content\/uploads\/2025\/11\/office-768x512.jpg 768w, https:\/\/www.izciahsap.net\/wp-content\/uploads\/2025\/11\/office-1536x1024.jpg 1536w, https:\/\/www.izciahsap.net\/wp-content\/uploads\/2025\/11\/office-2048x1366.jpg 2048w\" sizes=\"(max-width: 2401px) 100vw, 2401px\" \/>\t\t\t\t\t<\/div>\n\n\t\t\t\t\t\t<\/div>\n\t\t\t\t<\/div>\n\t\t\t\t\t<\/div>\n\t\t<\/div>\n\t\t\t\t\t<\/div>\n\t\t<\/section>\n\t\t\t\t<section class=\"wd-negative-gap elementor-section elementor-top-section elementor-element elementor-element-929f336 wd-section-stretch_row_content elementor-section-content-middle elementor-reverse-mobile elementor-section-boxed elementor-section-height-default elementor-section-height-default\" data-id=\"929f336\" data-element_type=\"section\">\n\t\t\t\t\t\t<div class=\"elementor-container elementor-column-gap-default\">\n\t\t\t\t\t<div class=\"elementor-column elementor-col-50 elementor-top-column elementor-element elementor-element-f629783\" data-id=\"f629783\" data-element_type=\"column\">\n\t\t\t<div class=\"elementor-widget-wrap elementor-element-populated\">\n\t\t\t\t\t\t<div class=\"elementor-element elementor-element-1d666ae wd-parallax-on-scroll wd_scroll_x_-80 wd_scroll_y_-1 wd_scroll_smoothness_30 elementor-widget elementor-widget-wd_image_or_svg\" data-id=\"1d666ae\" data-element_type=\"widget\" data-widget_type=\"wd_image_or_svg.default\">\n\t\t\t\t<div class=\"elementor-widget-container\">\n\t\t\t\t\t\n\t\t<div class=\"wd-image text-center\">\n\t\t\t\t\t\t\t\t<img loading=\"lazy\" decoding=\"async\" width=\"450\" height=\"600\" src=\"https:\/\/www.izciahsap.net\/wp-content\/uploads\/2025\/12\/WhatsApp-Image-2025-10-06-at-12.14.26_baed9b0b-450x600.jpg\" class=\"attachment-x600 size-x600\" alt=\"\" srcset=\"https:\/\/www.izciahsap.net\/wp-content\/uploads\/2025\/12\/WhatsApp-Image-2025-10-06-at-12.14.26_baed9b0b-450x600.jpg 450w, https:\/\/www.izciahsap.net\/wp-content\/uploads\/2025\/12\/WhatsApp-Image-2025-10-06-at-12.14.26_baed9b0b-225x300.jpg 225w, https:\/\/www.izciahsap.net\/wp-content\/uploads\/2025\/12\/WhatsApp-Image-2025-10-06-at-12.14.26_baed9b0b-768x1024.jpg 768w, https:\/\/www.izciahsap.net\/wp-content\/uploads\/2025\/12\/WhatsApp-Image-2025-10-06-at-12.14.26_baed9b0b-1152x1536.jpg 1152w, https:\/\/www.izciahsap.net\/wp-content\/uploads\/2025\/12\/WhatsApp-Image-2025-10-06-at-12.14.26_baed9b0b-375x500.jpg 375w, https:\/\/www.izciahsap.net\/wp-content\/uploads\/2025\/12\/WhatsApp-Image-2025-10-06-at-12.14.26_baed9b0b.jpg 1200w\" sizes=\"(max-width: 450px) 100vw, 450px\" \/>\t\t\t\t\t<\/div>\n\n\t\t\t\t\t\t<\/div>\n\t\t\t\t<\/div>\n\t\t\t\t\t<\/div>\n\t\t<\/div>\n\t\t\t\t<div class=\"elementor-column elementor-col-50 elementor-top-column elementor-element elementor-element-6ee045b wd_scroll_x_80 wd_scroll_y_-1 wd_scroll_z_0 wd-parallax-on-scroll wd_scroll_smoothness_30\" data-id=\"6ee045b\" data-element_type=\"column\">\n\t\t\t<div class=\"elementor-widget-wrap elementor-element-populated\">\n\t\t\t\t\t\t<div class=\"elementor-element elementor-element-ca31306 elementor-hidden-mobile elementor-widget elementor-widget-wd_text_block\" data-id=\"ca31306\" data-element_type=\"widget\" data-widget_type=\"wd_text_block.default\">\n\t\t\t\t<div class=\"elementor-widget-container\">\n\t\t\t\t\t\t\t<div class=\"wd-text-block reset-last-child text-right\">\n\t\t\t\n\t\t\t<p>03.<\/p>\n\t\t\t\t\t<\/div>\n\t\t\t\t\t\t<\/div>\n\t\t\t\t<\/div>\n\t\t\t\t<div class=\"elementor-element elementor-element-0920b15 wd-width-100 elementor-widget elementor-widget-wd_title\" data-id=\"0920b15\" data-element_type=\"widget\" data-widget_type=\"wd_title.default\">\n\t\t\t\t<div class=\"elementor-widget-container\">\n\t\t\t\t\t\t\t<div class=\"title-wrapper wd-set-mb reset-last-child wd-title-color-primary wd-title-style-underlined-2 wd-title-size-extra-large text-left\">\n\n\t\t\t\t\t\t\t\t\t\t\t<div class=\"title-subtitle subtitle-color-primary subtitle-style-default wd-fontsize-m\">\n\t\t\t\t\t\u0130 Z C \u0130 A H \u015e A P\t\t\t\t<\/div>\n\t\t\t\n\t\t\t<div class=\"liner-continer\">\n\t\t\t\t<h4 class=\"woodmart-title-container title wd-fontsize-xxxl wd-underline-colored\">Door &amp; Panel <u>Systems  <\/u> <\/h4> \n\t\t\t\t\t\t\t<\/div>\n\n\t\t\t\t\t<\/div>\n\t\t\t\t\t\t<\/div>\n\t\t\t\t<\/div>\n\t\t\t\t<div class=\"elementor-element elementor-element-9ac8bcf elementor-widget elementor-widget-wd_text_block\" data-id=\"9ac8bcf\" data-element_type=\"widget\" data-widget_type=\"wd_text_block.default\">\n\t\t\t\t<div class=\"elementor-widget-container\">\n\t\t\t\t\t\t\t<div class=\"wd-text-block reset-last-child text-left\">\n\t\t\t\n\t\t\t<p>Interior doors, decorative panel systems and wall\/ceiling coverings. Texture and tone are selected according to project style, creating visual harmony within the space.<\/p>\n\t\t\t\t\t<\/div>\n\t\t\t\t\t\t<\/div>\n\t\t\t\t<\/div>\n\t\t\t\t\t<\/div>\n\t\t<\/div>\n\t\t\t\t\t<\/div>\n\t\t<\/section>\n\t\t\t\t<section class=\"wd-negative-gap elementor-section elementor-top-section elementor-element elementor-element-5a89ae4 wd-section-stretch_row_content elementor-section-content-middle elementor-reverse-mobile elementor-section-boxed elementor-section-height-default elementor-section-height-default\" data-id=\"5a89ae4\" data-element_type=\"section\">\n\t\t\t\t\t\t<div class=\"elementor-container elementor-column-gap-default\">\n\t\t\t\t\t<div class=\"elementor-column elementor-col-50 elementor-top-column elementor-element elementor-element-b77365c wd_scroll_x_80 wd_scroll_y_-1 wd_scroll_z_0 wd-parallax-on-scroll wd_scroll_smoothness_30\" data-id=\"b77365c\" data-element_type=\"column\">\n\t\t\t<div class=\"elementor-widget-wrap elementor-element-populated\">\n\t\t\t\t\t\t<div class=\"elementor-element elementor-element-dd066b7 elementor-hidden-mobile elementor-widget elementor-widget-wd_text_block\" data-id=\"dd066b7\" data-element_type=\"widget\" data-widget_type=\"wd_text_block.default\">\n\t\t\t\t<div class=\"elementor-widget-container\">\n\t\t\t\t\t\t\t<div class=\"wd-text-block reset-last-child text-right\">\n\t\t\t\n\t\t\t<p>03.<\/p>\n\t\t\t\t\t<\/div>\n\t\t\t\t\t\t<\/div>\n\t\t\t\t<\/div>\n\t\t\t\t<div class=\"elementor-element elementor-element-2c70588 wd-width-100 elementor-widget elementor-widget-wd_title\" data-id=\"2c70588\" data-element_type=\"widget\" data-widget_type=\"wd_title.default\">\n\t\t\t\t<div class=\"elementor-widget-container\">\n\t\t\t\t\t\t\t<div class=\"title-wrapper wd-set-mb reset-last-child wd-title-color-primary wd-title-style-underlined-2 wd-title-size-extra-large text-left\">\n\n\t\t\t\t\t\t\t\t\t\t\t<div class=\"title-subtitle subtitle-color-primary subtitle-style-default wd-fontsize-m\">\n\t\t\t\t\t\u0130 Z C \u0130 A H \u015e A P\t\t\t\t<\/div>\n\t\t\t\n\t\t\t<div class=\"liner-continer\">\n\t\t\t\t<h4 class=\"woodmart-title-container title wd-fontsize-xxxl wd-underline-colored\">Outdoor Seating <u>Sets <\/u> <\/h4> \n\t\t\t\t\t\t\t<\/div>\n\n\t\t\t\t\t<\/div>\n\t\t\t\t\t\t<\/div>\n\t\t\t\t<\/div>\n\t\t\t\t<div class=\"elementor-element elementor-element-c1999c6 elementor-widget elementor-widget-wd_text_block\" data-id=\"c1999c6\" data-element_type=\"widget\" data-widget_type=\"wd_text_block.default\">\n\t\t\t\t<div class=\"elementor-widget-container\">\n\t\t\t\t\t\t\t<div class=\"wd-text-block reset-last-child text-left\">\n\t\t\t\n\t\t\t<p>Outdoor-ready seating groups manufactured with treated surfaces for weather resistance. Ideal for residential gardens, terraces, hotels and restaurants, providing long-lasting comfort and visual quality.<\/p>\n\t\t\t\t\t<\/div>\n\t\t\t\t\t\t<\/div>\n\t\t\t\t<\/div>\n\t\t\t\t\t<\/div>\n\t\t<\/div>\n\t\t\t\t<div class=\"elementor-column elementor-col-50 elementor-top-column elementor-element elementor-element-873bb37\" data-id=\"873bb37\" data-element_type=\"column\">\n\t\t\t<div class=\"elementor-widget-wrap elementor-element-populated\">\n\t\t\t\t\t\t<div class=\"elementor-element elementor-element-d6e5901 wd-parallax-on-scroll wd_scroll_x_-80 wd_scroll_y_-1 wd_scroll_smoothness_30 elementor-widget elementor-widget-wd_image_or_svg\" data-id=\"d6e5901\" data-element_type=\"widget\" data-widget_type=\"wd_image_or_svg.default\">\n\t\t\t\t<div class=\"elementor-widget-container\">\n\t\t\t\t\t\n\t\t<div class=\"wd-image text-center\">\n\t\t\t\t\t\t\t\t<img loading=\"lazy\" decoding=\"async\" width=\"900\" height=\"600\" src=\"https:\/\/www.izciahsap.net\/wp-content\/uploads\/2025\/11\/Wooden-Living-Set-900x600.jpg\" class=\"attachment-x600 size-x600\" alt=\"\" srcset=\"https:\/\/www.izciahsap.net\/wp-content\/uploads\/2025\/11\/Wooden-Living-Set-900x600.jpg 900w, https:\/\/www.izciahsap.net\/wp-content\/uploads\/2025\/11\/Wooden-Living-Set-300x200.jpg 300w, https:\/\/www.izciahsap.net\/wp-content\/uploads\/2025\/11\/Wooden-Living-Set-1024x683.jpg 1024w, https:\/\/www.izciahsap.net\/wp-content\/uploads\/2025\/11\/Wooden-Living-Set-768x512.jpg 768w, https:\/\/www.izciahsap.net\/wp-content\/uploads\/2025\/11\/Wooden-Living-Set-1536x1024.jpg 1536w, https:\/\/www.izciahsap.net\/wp-content\/uploads\/2025\/11\/Wooden-Living-Set-2048x1366.jpg 2048w\" sizes=\"(max-width: 900px) 100vw, 900px\" \/>\t\t\t\t\t<\/div>\n\n\t\t\t\t\t\t<\/div>\n\t\t\t\t<\/div>\n\t\t\t\t\t<\/div>\n\t\t<\/div>\n\t\t\t\t\t<\/div>\n\t\t<\/section>\n\t\t\t\t<\/div>\n\t\t","protected":false},"excerpt":{"rendered":"<p>03. \u0130 Z C \u0130 A H \u015e A P Kitchen Cabinets Kitchen cabinetry solutions available in modern, classic or<\/p>\n","protected":false},"author":1,"featured_media":0,"parent":0,"menu_order":0,"comment_status":"closed","ping_status":"closed","template":"elementor_header_footer","meta":{"_themeisle_gutenberg_block_has_review":false,"footnotes":""},"class_list":["post-71","page","type-page","status-publish","hentry"],"_links":{"self":[{"href":"https:\/\/www.izciahsap.net\/en\/wp-json\/wp\/v2\/pages\/71","targetHints":{"allow":["GET"]}}],"collection":[{"href":"https:\/\/www.izciahsap.net\/en\/wp-json\/wp\/v2\/pages"}],"about":[{"href":"https:\/\/www.izciahsap.net\/en\/wp-json\/wp\/v2\/types\/page"}],"author":[{"embeddable":true,"href":"https:\/\/www.izciahsap.net\/en\/wp-json\/wp\/v2\/users\/1"}],"replies":[{"embeddable":true,"href":"https:\/\/www.izciahsap.net\/en\/wp-json\/wp\/v2\/comments?post=71"}],"version-history":[{"count":8,"href":"https:\/\/www.izciahsap.net\/en\/wp-json\/wp\/v2\/pages\/71\/revisions"}],"predecessor-version":[{"id":405,"href":"https:\/\/www.izciahsap.net\/en\/wp-json\/wp\/v2\/pages\/71\/revisions\/405"}],"wp:attachment":[{"href":"https:\/\/www.izciahsap.net\/en\/wp-json\/wp\/v2\/media?parent=71"}],"curies":[{"name":"wp","href":"https:\/\/api.w.org\/{rel}","templated":true}]}}