{"id":185,"date":"2025-11-14T09:11:49","date_gmt":"2025-11-14T09:11:49","guid":{"rendered":"https:\/\/www.izciahsap.net\/hizmetlerimiz\/"},"modified":"2026-03-16T16:53:01","modified_gmt":"2026-03-16T16:53:01","slug":"%cf%85%cf%80%ce%b7%cf%81%ce%b5%cf%83%ce%b9%ce%b5%cf%82","status":"publish","type":"page","link":"https:\/\/www.izciahsap.net\/el\/%cf%85%cf%80%ce%b7%cf%81%ce%b5%cf%83%ce%b9%ce%b5%cf%82\/","title":{"rendered":"\u03a5\u03a0\u0397\u03a1\u0395\u03a3\u0399\u0395\u03a3"},"content":{"rendered":"\t\t<div data-elementor-type=\"wp-page\" data-elementor-id=\"185\" class=\"elementor elementor-185 elementor-16\">\n\t\t\t\t\t\t<section class=\"wd-negative-gap elementor-section elementor-top-section elementor-element elementor-element-20c1d85e elementor-section-boxed elementor-section-height-default elementor-section-height-default\" data-id=\"20c1d85e\" data-element_type=\"section\" data-settings=\"{&quot;background_background&quot;:&quot;classic&quot;}\">\n\t\t\t\t\t\t<div class=\"elementor-container elementor-column-gap-default\">\n\t\t\t\t\t<div class=\"elementor-column elementor-col-100 elementor-top-column elementor-element elementor-element-4323f750\" data-id=\"4323f750\" data-element_type=\"column\">\n\t\t\t<div class=\"elementor-widget-wrap elementor-element-populated\">\n\t\t\t\t\t\t<div class=\"elementor-element elementor-element-309f0327 wd-width-100 elementor-widget elementor-widget-wd_title\" data-id=\"309f0327\" data-element_type=\"widget\" data-widget_type=\"wd_title.default\">\n\t\t\t\t<div class=\"elementor-widget-container\">\n\t\t\t\t\t\t\t<div class=\"title-wrapper wd-set-mb reset-last-child wd-title-color-primary wd-title-style-bordered wd-title-size-default text-center\">\n\n\t\t\t\t\t\t\t\t\t\t\t<div class=\"title-subtitle subtitle-color-primary subtitle-style-default wd-fontsize-xs\">\n\t\t\t\t\t\u0130 Z C \u0130 A H \u015e A P\t\t\t\t<\/div>\n\t\t\t\n\t\t\t<div class=\"liner-continer\">\n\t\t\t\t<h4 class=\"woodmart-title-container title wd-fontsize-l\">\u03a5\u03a0\u0397\u03a1\u0395\u03a3\u0399\u0395\u03a3<\/h4> \n\t\t\t\t\t\t\t<\/div>\n\n\t\t\t\t\t<\/div>\n\t\t\t\t\t\t<\/div>\n\t\t\t\t<\/div>\n\t\t\t\t<div class=\"elementor-element elementor-element-904559a elementor-widget elementor-widget-wd_timeline\" data-id=\"904559a\" data-element_type=\"widget\" data-widget_type=\"wd_timeline.default\">\n\t\t\t\t<div class=\"elementor-widget-container\">\n\t\t\t\t\t\t\t<div class=\"wd-timeline-wrapper wd-item-shadow wd-line-dashed\">\n\t\t\t<div class=\"woodmart-timeline-line\">\n\t\t\t\t<span class=\"line-dot dot-start\"><\/span>\n\t\t\t\t<span class=\"line-dot dot-end\"><\/span>\n\t\t\t<\/div>\n\n\t\t\t<div class=\"wd-timeline\">\n\t\t\t\t\t\t\t\t\t\t\t\t\t\t\t\t\t\t\t\t<div class=\"wd-timeline-item wd-item-position-left elementor-repeater-item-aef73d4\">\n\t\t\t\t\t\t\t<div class=\"woodmart-timeline-dot\"><\/div>\n\n\t\t\t\t\t\t\t<div class=\"timeline-col timeline-col-primary\">\n\t\t\t\t\t\t\t\t<span class=\"timeline-arrow\"><\/span>\n\t\t\t\t\t\t\t\t\n\t\t\t\t\t\t\t\t\n\t\t\t\t\t\t\t\t<div class=\"wd-timeline-content wd-set-mb reset-last-child\">\n\t\t\t\t\t\t\t\t\t<h3 style=\"font-size: 28px;\">\u03a3\u03c7\u03b5\u03b4\u03b9\u03b1\u03c3\u03bc\u03cc\u03c2 &amp; \u039c\u03b5\u03bb\u03ad\u03c4\u03b7<\/h3><p>\u039a\u03ac\u03b8\u03b5 \u03ad\u03c1\u03b3\u03bf \u03be\u03b5\u03ba\u03b9\u03bd\u03ac \u03bc\u03b5 \u03b1\u03bd\u03ac\u03bb\u03c5\u03c3\u03b7 \u03b1\u03bd\u03b1\u03b3\u03ba\u03ce\u03bd, \u03bc\u03ad\u03c4\u03c1\u03b7\u03c3\u03b7 \u03ba\u03b1\u03b9 \u03b5\u03c0\u03b9\u03bb\u03bf\u03b3\u03ae \u03c5\u03bb\u03b9\u03ba\u03ce\u03bd. \u03a3\u03c4\u03bf \u03c3\u03c4\u03ac\u03b4\u03b9\u03bf \u03c4\u03bf\u03c5 \u03c3\u03c7\u03b5\u03b4\u03b9\u03b1\u03c3\u03bc\u03bf\u03cd \u03c7\u03c1\u03b7\u03c3\u03b9\u03bc\u03bf\u03c0\u03bf\u03b9\u03b5\u03af\u03c4\u03b1\u03b9 3D \u03bc\u03bf\u03bd\u03c4\u03b5\u03bb\u03bf\u03c0\u03bf\u03af\u03b7\u03c3\u03b7 \u03b3\u03b9\u03b1 \u03bf\u03c0\u03c4\u03b9\u03ba\u03bf\u03c0\u03bf\u03af\u03b7\u03c3\u03b7 \u03c4\u03bf\u03c5 \u03c7\u03ce\u03c1\u03bf\u03c5 \u03ba\u03b1\u03b9 \u03ba\u03b1\u03b8\u03bf\u03b4\u03ae\u03b3\u03b7\u03c3\u03b7 \u03c4\u03b7\u03c2 \u03c0\u03b1\u03c1\u03b1\u03b3\u03c9\u03b3\u03ae\u03c2. \u0388\u03c4\u03c3\u03b9 \u03b5\u03be\u03b1\u03c3\u03c6\u03b1\u03bb\u03af\u03b6\u03b5\u03c4\u03b1\u03b9 \u03c4\u03bf \u03ba\u03b1\u03bb\u03cd\u03c4\u03b5\u03c1\u03bf \u03b1\u03c0\u03bf\u03c4\u03ad\u03bb\u03b5\u03c3\u03bc\u03b1 \u03c3\u03b5 \u03b1\u03b9\u03c3\u03b8\u03b7\u03c4\u03b9\u03ba\u03ae \u03ba\u03b1\u03b9 \u03bb\u03b5\u03b9\u03c4\u03bf\u03c5\u03c1\u03b3\u03b9\u03ba\u03cc\u03c4\u03b7\u03c4\u03b1.<\/p>\t\t\t\t\t\t\t\t<\/div>\n\t\t\t\t\t\t\t<\/div>\n\n\t\t\t\t\t\t\t<div class=\"timeline-col timeline-col-secondary\">\n\t\t\t\t\t\t\t\t<span class=\"timeline-arrow\"><\/span>\n\t\t\t\t\t\t\t\t\t\t\t\t\t\t\t\t\t<div class=\"wd-timeline-image\">\n\t\t\t\t\t\t\t\t\t\t<img fetchpriority=\"high\" decoding=\"async\" width=\"570\" height=\"370\" src=\"https:\/\/www.izciahsap.net\/wp-content\/uploads\/2025\/12\/timeline-elements-time-1.jpg\" class=\"attachment-full size-full\" alt=\"\" srcset=\"https:\/\/www.izciahsap.net\/wp-content\/uploads\/2025\/12\/timeline-elements-time-1.jpg 570w, https:\/\/www.izciahsap.net\/wp-content\/uploads\/2025\/12\/timeline-elements-time-1-300x195.jpg 300w\" sizes=\"(max-width: 570px) 100vw, 570px\" \/>\t\t\t\t\t\t\t\t\t<\/div>\n\t\t\t\t\t\t\t\t\n\t\t\t\t\t\t\t\t\n\t\t\t\t\t\t\t\t<div class=\"wd-timeline-content wd-set-mb reset-last-child\">\n\t\t\t\t\t\t\t\t\t\t\t\t\t\t\t\t\t<\/div>\n\t\t\t\t\t\t\t<\/div>\n\t\t\t\t\t\t<\/div>\n\t\t\t\t\t\t\t\t\t\t\t\t\t\t\t\t\t\t\t\t\t\t\t\t\t<div class=\"wd-timeline-item wd-item-position-right elementor-repeater-item-f40ab6a\">\n\t\t\t\t\t\t\t<div class=\"woodmart-timeline-dot\"><\/div>\n\n\t\t\t\t\t\t\t<div class=\"timeline-col timeline-col-primary\">\n\t\t\t\t\t\t\t\t<span class=\"timeline-arrow\"><\/span>\n\t\t\t\t\t\t\t\t\n\t\t\t\t\t\t\t\t\n\t\t\t\t\t\t\t\t<div class=\"wd-timeline-content wd-set-mb reset-last-child\">\n\t\t\t\t\t\t\t\t\t<h3 style=\"font-size: 28px;\"><strong>\u039a\u03b1\u03c4\u03b1\u03c3\u03ba\u03b5\u03c5\u03ae \u0395\u03c0\u03af\u03c0\u03bb\u03c9\u03bd<\/strong><\/h3><p>\u039a\u03b1\u03c4\u03b1\u03c3\u03ba\u03b5\u03c5\u03ac\u03b6\u03bf\u03c5\u03bc\u03b5 \u03ad\u03c0\u03b9\u03c0\u03bb\u03b1 \u03c0\u03c1\u03bf\u03c3\u03b1\u03c1\u03bc\u03bf\u03c3\u03bc\u03ad\u03bd\u03b1 \u03c3\u03c4\u03bf\u03bd \u03c7\u03ce\u03c1\u03bf: \u03ba\u03bf\u03c5\u03b6\u03af\u03bd\u03b5\u03c2, \u03bd\u03c4\u03bf\u03c5\u03bb\u03ac\u03c0\u03b5\u03c2, \u03ad\u03c0\u03b9\u03c0\u03bb\u03b1 TV, \u03bc\u03c0\u03ac\u03bd\u03b9\u03b1, \u03b5\u03be\u03bf\u03c0\u03bb\u03b9\u03c3\u03bc\u03cc \u03be\u03b5\u03bd\u03bf\u03b4\u03bf\u03c7\u03b5\u03af\u03c9\u03bd \u03ba\u03b1\u03b9 \u03ba\u03b1\u03c4\u03bf\u03b9\u03ba\u03b9\u03ce\u03bd. \u039a\u03ac\u03b8\u03b5 \u03c0\u03c1\u03bf\u03ca\u03cc\u03bd \u03c3\u03c7\u03b5\u03b4\u03b9\u03ac\u03b6\u03b5\u03c4\u03b1\u03b9 \u03bc\u03b5 \u03b2\u03ac\u03c3\u03b7 \u03c4\u03b9\u03c2 \u03b1\u03bd\u03ac\u03b3\u03ba\u03b5\u03c2 \u03c4\u03bf\u03c5 \u03c7\u03c1\u03ae\u03c3\u03c4\u03b7 \u03ba\u03b1\u03b9 \u03c4\u03b7\u03bd \u03b1\u03b9\u03c3\u03b8\u03b7\u03c4\u03b9\u03ba\u03ae \u03c4\u03bf\u03c5 \u03c7\u03ce\u03c1\u03bf\u03c5, \u03bc\u03b5 \u03b1\u03bd\u03b8\u03b5\u03ba\u03c4\u03b9\u03ba\u03ac \u03c5\u03bb\u03b9\u03ba\u03ac \u03ba\u03b1\u03b9 \u03c5\u03c8\u03b7\u03bb\u03ae \u03c0\u03bf\u03b9\u03cc\u03c4\u03b7\u03c4\u03b1 \u03ba\u03b1\u03c4\u03b1\u03c3\u03ba\u03b5\u03c5\u03ae\u03c2.<\/p>\t\t\t\t\t\t\t\t<\/div>\n\t\t\t\t\t\t\t<\/div>\n\n\t\t\t\t\t\t\t<div class=\"timeline-col timeline-col-secondary\">\n\t\t\t\t\t\t\t\t<span class=\"timeline-arrow\"><\/span>\n\t\t\t\t\t\t\t\t\t\t\t\t\t\t\t\t\t<div class=\"wd-timeline-image\">\n\t\t\t\t\t\t\t\t\t\t<img decoding=\"async\" width=\"570\" height=\"370\" src=\"https:\/\/www.izciahsap.net\/wp-content\/uploads\/2025\/12\/timeline-elements-time-2.jpg\" class=\"attachment-full size-full\" alt=\"\" srcset=\"https:\/\/www.izciahsap.net\/wp-content\/uploads\/2025\/12\/timeline-elements-time-2.jpg 570w, https:\/\/www.izciahsap.net\/wp-content\/uploads\/2025\/12\/timeline-elements-time-2-300x195.jpg 300w\" sizes=\"(max-width: 570px) 100vw, 570px\" \/>\t\t\t\t\t\t\t\t\t<\/div>\n\t\t\t\t\t\t\t\t\n\t\t\t\t\t\t\t\t\n\t\t\t\t\t\t\t\t<div class=\"wd-timeline-content wd-set-mb reset-last-child\">\n\t\t\t\t\t\t\t\t\t\t\t\t\t\t\t\t\t<\/div>\n\t\t\t\t\t\t\t<\/div>\n\t\t\t\t\t\t<\/div>\n\t\t\t\t\t\t\t\t\t\t\t\t\t\t\t\t\t\t\t\t\t\t\t\t\t<div class=\"wd-timeline-item wd-item-position-left elementor-repeater-item-d06a9fb\">\n\t\t\t\t\t\t\t<div class=\"woodmart-timeline-dot\"><\/div>\n\n\t\t\t\t\t\t\t<div class=\"timeline-col timeline-col-primary\">\n\t\t\t\t\t\t\t\t<span class=\"timeline-arrow\"><\/span>\n\t\t\t\t\t\t\t\t\n\t\t\t\t\t\t\t\t\n\t\t\t\t\t\t\t\t<div class=\"wd-timeline-content wd-set-mb reset-last-child\">\n\t\t\t\t\t\t\t\t\t<h3 style=\"font-size: 28px;\"><strong>\u00a0\u039e\u03cd\u03bb\u03b9\u03bd\u03b5\u03c2 \u0395\u03c6\u03b1\u03c1\u03bc\u03bf\u03b3\u03ad\u03c2 \u0395\u03c3\u03c9\u03c4\u03b5\u03c1\u03b9\u03ba\u03bf\u03cd \u03a7\u03ce\u03c1\u03bf\u03c5 <\/strong><\/h3><p>\u03a0\u03c1\u03bf\u03c3\u03c6\u03ad\u03c1\u03bf\u03c5\u03bc\u03b5 \u03be\u03cd\u03bb\u03b9\u03bd\u03b5\u03c2 \u03b5\u03c6\u03b1\u03c1\u03bc\u03bf\u03b3\u03ad\u03c2 \u03b5\u03c3\u03c9\u03c4\u03b5\u03c1\u03b9\u03ba\u03bf\u03cd \u03c7\u03ce\u03c1\u03bf\u03c5 \u03cc\u03c0\u03c9\u03c2 \u03c0\u03cc\u03c1\u03c4\u03b5\u03c2, \u03c0\u03ac\u03bd\u03b5\u03bb, \u03b5\u03c0\u03b5\u03bd\u03b4\u03cd\u03c3\u03b5\u03b9\u03c2 \u03c4\u03bf\u03af\u03c7\u03bf\u03c5-\u03bf\u03c1\u03bf\u03c6\u03ae\u03c2 \u03ba\u03b1\u03b9 \u03b1\u03c1\u03c7\u03b9\u03c4\u03b5\u03ba\u03c4\u03bf\u03bd\u03b9\u03ba\u03ad\u03c2 \u03bb\u03b5\u03c0\u03c4\u03bf\u03bc\u03ad\u03c1\u03b5\u03b9\u03b5\u03c2. \u0397 \u03b5\u03c0\u03b9\u03bb\u03bf\u03b3\u03ae \u03c5\u03c6\u03ae\u03c2 \u03ba\u03b1\u03b9 \u03c7\u03c1\u03ce\u03bc\u03b1\u03c4\u03bf\u03c2 \u03b3\u03af\u03bd\u03b5\u03c4\u03b1\u03b9 \u03c3\u03cd\u03bc\u03c6\u03c9\u03bd\u03b1 \u03bc\u03b5 \u03c4\u03bf \u03cd\u03c6\u03bf\u03c2 \u03c4\u03bf\u03c5 \u03ad\u03c1\u03b3\u03bf\u03c5 \u03ba\u03b1\u03b9 \u03b5\u03bd\u03b9\u03c3\u03c7\u03cd\u03b5\u03b9 \u03c4\u03b7\u03bd \u03c4\u03b1\u03c5\u03c4\u03cc\u03c4\u03b7\u03c4\u03b1 \u03c4\u03bf\u03c5 \u03c7\u03ce\u03c1\u03bf\u03c5. \u0397 \u03ac\u03bd\u03b5\u03c3\u03b7 \u03ba\u03b1\u03b9 \u03b7 \u03b1\u03bd\u03b8\u03b5\u03ba\u03c4\u03b9\u03ba\u03cc\u03c4\u03b7\u03c4\u03b1 \u03b1\u03c0\u03bf\u03c4\u03b5\u03bb\u03bf\u03cd\u03bd \u03c0\u03c1\u03bf\u03c4\u03b5\u03c1\u03b1\u03b9\u03cc\u03c4\u03b7\u03c4\u03b1.<\/p>\t\t\t\t\t\t\t\t<\/div>\n\t\t\t\t\t\t\t<\/div>\n\n\t\t\t\t\t\t\t<div class=\"timeline-col timeline-col-secondary\">\n\t\t\t\t\t\t\t\t<span class=\"timeline-arrow\"><\/span>\n\t\t\t\t\t\t\t\t\t\t\t\t\t\t\t\t\t<div class=\"wd-timeline-image\">\n\t\t\t\t\t\t\t\t\t\t<img decoding=\"async\" width=\"570\" height=\"370\" src=\"https:\/\/www.izciahsap.net\/wp-content\/uploads\/2025\/12\/timeline-elements-time-3.jpg\" class=\"attachment-full size-full\" alt=\"\" srcset=\"https:\/\/www.izciahsap.net\/wp-content\/uploads\/2025\/12\/timeline-elements-time-3.jpg 570w, https:\/\/www.izciahsap.net\/wp-content\/uploads\/2025\/12\/timeline-elements-time-3-300x195.jpg 300w\" sizes=\"(max-width: 570px) 100vw, 570px\" \/>\t\t\t\t\t\t\t\t\t<\/div>\n\t\t\t\t\t\t\t\t\n\t\t\t\t\t\t\t\t\n\t\t\t\t\t\t\t\t<div class=\"wd-timeline-content wd-set-mb reset-last-child\">\n\t\t\t\t\t\t\t\t\t\t\t\t\t\t\t\t\t<\/div>\n\t\t\t\t\t\t\t<\/div>\n\t\t\t\t\t\t<\/div>\n\t\t\t\t\t\t\t\t\t\t\t\t\t\t\t\t\t\t\t\t\t\t\t\t\t<div class=\"wd-timeline-item wd-item-position-right elementor-repeater-item-4b0530b\">\n\t\t\t\t\t\t\t<div class=\"woodmart-timeline-dot\"><\/div>\n\n\t\t\t\t\t\t\t<div class=\"timeline-col timeline-col-primary\">\n\t\t\t\t\t\t\t\t<span class=\"timeline-arrow\"><\/span>\n\t\t\t\t\t\t\t\t\n\t\t\t\t\t\t\t\t\n\t\t\t\t\t\t\t\t<div class=\"wd-timeline-content wd-set-mb reset-last-child\">\n\t\t\t\t\t\t\t\t\t<h3 style=\"font-size: 28px;\"><strong> \u0395\u03bc\u03c0\u03bf\u03c1\u03b9\u03ba\u03ac \u0388\u03c1\u03b3\u03b1 <\/strong><\/h3><p>\u03a5\u03bb\u03bf\u03c0\u03bf\u03b9\u03bf\u03cd\u03bc\u03b5 \u03be\u03cd\u03bb\u03b9\u03bd\u03b5\u03c2 \u03b5\u03c6\u03b1\u03c1\u03bc\u03bf\u03b3\u03ad\u03c2 \u03b3\u03b9\u03b1 \u03b3\u03c1\u03b1\u03c6\u03b5\u03af\u03b1, \u03ba\u03b1\u03c4\u03b1\u03c3\u03c4\u03ae\u03bc\u03b1\u03c4\u03b1 \u03ba\u03b1\u03b9 \u03b5\u03c3\u03c4\u03b9\u03b1\u03c4\u03cc\u03c1\u03b9\u03b1, \u03bc\u03b5 \u03b1\u03bd\u03c4\u03bf\u03c7\u03ae \u03c3\u03b5 \u03ba\u03b1\u03b8\u03b7\u03bc\u03b5\u03c1\u03b9\u03bd\u03ae \u03c7\u03c1\u03ae\u03c3\u03b7. \u0394\u03b7\u03bc\u03b9\u03bf\u03c5\u03c1\u03b3\u03bf\u03cd\u03bc\u03b5 \u03bb\u03cd\u03c3\u03b5\u03b9\u03c2 \u03c0\u03bf\u03c5 \u03c4\u03b1\u03b9\u03c1\u03b9\u03ac\u03b6\u03bf\u03c5\u03bd \u03c3\u03c4\u03b7\u03bd \u03b5\u03c4\u03b1\u03b9\u03c1\u03b9\u03ba\u03ae \u03c4\u03b1\u03c5\u03c4\u03cc\u03c4\u03b7\u03c4\u03b1 \u03ba\u03b1\u03b9 \u03bf\u03bb\u03bf\u03ba\u03bb\u03b7\u03c1\u03ce\u03bd\u03bf\u03c5\u03bc\u03b5 \u03c4\u03b9\u03c2 \u03b5\u03c1\u03b3\u03b1\u03c3\u03af\u03b5\u03c2 \u03b5\u03bd\u03c4\u03cc\u03c2 \u03c0\u03c1\u03bf\u03b3\u03c1\u03b1\u03bc\u03bc\u03b1\u03c4\u03b9\u03c3\u03bc\u03ad\u03bd\u03c9\u03bd \u03c7\u03c1\u03bf\u03bd\u03bf\u03b4\u03b9\u03b1\u03b3\u03c1\u03b1\u03bc\u03bc\u03ac\u03c4\u03c9\u03bd.<\/p>\t\t\t\t\t\t\t\t<\/div>\n\t\t\t\t\t\t\t<\/div>\n\n\t\t\t\t\t\t\t<div class=\"timeline-col timeline-col-secondary\">\n\t\t\t\t\t\t\t\t<span class=\"timeline-arrow\"><\/span>\n\t\t\t\t\t\t\t\t\t\t\t\t\t\t\t\t\t<div class=\"wd-timeline-image\">\n\t\t\t\t\t\t\t\t\t\t<img loading=\"lazy\" decoding=\"async\" width=\"1472\" height=\"832\" src=\"https:\/\/www.izciahsap.net\/wp-content\/uploads\/2025\/12\/izciahsap_isler-18.jpg\" class=\"attachment-full size-full\" alt=\"\" srcset=\"https:\/\/www.izciahsap.net\/wp-content\/uploads\/2025\/12\/izciahsap_isler-18.jpg 1472w, https:\/\/www.izciahsap.net\/wp-content\/uploads\/2025\/12\/izciahsap_isler-18-300x170.jpg 300w, https:\/\/www.izciahsap.net\/wp-content\/uploads\/2025\/12\/izciahsap_isler-18-1024x579.jpg 1024w, https:\/\/www.izciahsap.net\/wp-content\/uploads\/2025\/12\/izciahsap_isler-18-768x434.jpg 768w\" sizes=\"(max-width: 1472px) 100vw, 1472px\" \/>\t\t\t\t\t\t\t\t\t<\/div>\n\t\t\t\t\t\t\t\t\n\t\t\t\t\t\t\t\t\n\t\t\t\t\t\t\t\t<div class=\"wd-timeline-content wd-set-mb reset-last-child\">\n\t\t\t\t\t\t\t\t\t\t\t\t\t\t\t\t\t<\/div>\n\t\t\t\t\t\t\t<\/div>\n\t\t\t\t\t\t<\/div>\n\t\t\t\t\t\t\t\t\t\t\t\t<\/div>\n\t\t<\/div>\n\t\t\t\t\t\t<\/div>\n\t\t\t\t<\/div>\n\t\t\t\t\t<\/div>\n\t\t<\/div>\n\t\t\t\t\t<\/div>\n\t\t<\/section>\n\t\t\t\t<\/div>\n\t\t","protected":false},"excerpt":{"rendered":"<p>\u0130 Z C \u0130 A H \u015e A P \u03a5\u03a0\u0397\u03a1\u0395\u03a3\u0399\u0395\u03a3 \u03a3\u03c7\u03b5\u03b4\u03b9\u03b1\u03c3\u03bc\u03cc\u03c2 &amp; \u039c\u03b5\u03bb\u03ad\u03c4\u03b7 \u039a\u03ac\u03b8\u03b5 \u03ad\u03c1\u03b3\u03bf \u03be\u03b5\u03ba\u03b9\u03bd\u03ac \u03bc\u03b5 \u03b1\u03bd\u03ac\u03bb\u03c5\u03c3\u03b7 \u03b1\u03bd\u03b1\u03b3\u03ba\u03ce\u03bd, \u03bc\u03ad\u03c4\u03c1\u03b7\u03c3\u03b7<\/p>\n","protected":false},"author":1,"featured_media":0,"parent":0,"menu_order":0,"comment_status":"closed","ping_status":"closed","template":"elementor_header_footer","meta":{"_themeisle_gutenberg_block_has_review":false,"footnotes":""},"class_list":["post-185","page","type-page","status-publish","hentry"],"_links":{"self":[{"href":"https:\/\/www.izciahsap.net\/el\/wp-json\/wp\/v2\/pages\/185","targetHints":{"allow":["GET"]}}],"collection":[{"href":"https:\/\/www.izciahsap.net\/el\/wp-json\/wp\/v2\/pages"}],"about":[{"href":"https:\/\/www.izciahsap.net\/el\/wp-json\/wp\/v2\/types\/page"}],"author":[{"embeddable":true,"href":"https:\/\/www.izciahsap.net\/el\/wp-json\/wp\/v2\/users\/1"}],"replies":[{"embeddable":true,"href":"https:\/\/www.izciahsap.net\/el\/wp-json\/wp\/v2\/comments?post=185"}],"version-history":[{"count":11,"href":"https:\/\/www.izciahsap.net\/el\/wp-json\/wp\/v2\/pages\/185\/revisions"}],"predecessor-version":[{"id":402,"href":"https:\/\/www.izciahsap.net\/el\/wp-json\/wp\/v2\/pages\/185\/revisions\/402"}],"wp:attachment":[{"href":"https:\/\/www.izciahsap.net\/el\/wp-json\/wp\/v2\/media?parent=185"}],"curies":[{"name":"wp","href":"https:\/\/api.w.org\/{rel}","templated":true}]}}