{"id":148,"date":"2025-12-01T08:20:40","date_gmt":"2025-12-01T08:20:40","guid":{"rendered":"https:\/\/www.izciahsap.net\/projelerimiz\/"},"modified":"2025-12-01T08:35:52","modified_gmt":"2025-12-01T08:35:52","slug":"%ce%b5%cf%81%ce%b3%ce%b1","status":"publish","type":"page","link":"https:\/\/www.izciahsap.net\/el\/%ce%b5%cf%81%ce%b3%ce%b1\/","title":{"rendered":"\u0395\u03a1\u0393\u0391"},"content":{"rendered":"\t\t<div data-elementor-type=\"wp-page\" data-elementor-id=\"148\" class=\"elementor elementor-148 elementor-135\">\n\t\t\t\t\t\t<section class=\"wd-negative-gap elementor-section elementor-top-section elementor-element elementor-element-6905f24b wd-section-stretch-content elementor-section-content-middle elementor-section-boxed elementor-section-height-default elementor-section-height-default\" data-id=\"6905f24b\" data-element_type=\"section\" data-settings=\"{&quot;background_background&quot;:&quot;classic&quot;}\">\n\t\t\t\t\t\t<div class=\"elementor-container elementor-column-gap-extended\">\n\t\t\t\t\t<div class=\"elementor-column elementor-col-33 elementor-top-column elementor-element elementor-element-5787f199\" data-id=\"5787f199\" data-element_type=\"column\">\n\t\t\t<div class=\"elementor-widget-wrap elementor-element-populated\">\n\t\t\t\t\t\t<div class=\"elementor-element elementor-element-919aad9 wd-animation-slide-from-top wd-animation-fast elementor-widget elementor-widget-wd_image_or_svg\" data-id=\"919aad9\" data-element_type=\"widget\" data-widget_type=\"wd_image_or_svg.default\">\n\t\t\t\t<div class=\"elementor-widget-container\">\n\t\t\t\t\t\n\t\t<div class=\"wd-image text-center\">\n\t\t\t\t\t\t\t\t<img fetchpriority=\"high\" decoding=\"async\" width=\"1250\" height=\"833\" src=\"https:\/\/www.izciahsap.net\/wp-content\/uploads\/2025\/12\/minimal-kitchen-interior-2021-09-24-04-21-31-utc.jpg\" class=\"attachment-full size-full\" alt=\"\" srcset=\"https:\/\/www.izciahsap.net\/wp-content\/uploads\/2025\/12\/minimal-kitchen-interior-2021-09-24-04-21-31-utc.jpg 1250w, https:\/\/www.izciahsap.net\/wp-content\/uploads\/2025\/12\/minimal-kitchen-interior-2021-09-24-04-21-31-utc-300x200.jpg 300w, https:\/\/www.izciahsap.net\/wp-content\/uploads\/2025\/12\/minimal-kitchen-interior-2021-09-24-04-21-31-utc-1024x682.jpg 1024w, https:\/\/www.izciahsap.net\/wp-content\/uploads\/2025\/12\/minimal-kitchen-interior-2021-09-24-04-21-31-utc-768x512.jpg 768w\" sizes=\"(max-width: 1250px) 100vw, 1250px\" \/>\t\t\t\t\t<\/div>\n\n\t\t\t\t\t\t<\/div>\n\t\t\t\t<\/div>\n\t\t\t\t\t<\/div>\n\t\t<\/div>\n\t\t\t\t<div class=\"elementor-column elementor-col-33 elementor-top-column elementor-element elementor-element-3e6072a\" data-id=\"3e6072a\" data-element_type=\"column\">\n\t\t\t<div class=\"elementor-widget-wrap elementor-element-populated\">\n\t\t\t\t\t\t<div class=\"elementor-element elementor-element-c132297 text-right elementor-hidden-phone wd-animation-slide-from-top wd-animation-fast color-scheme-inherit elementor-widget elementor-widget-text-editor\" data-id=\"c132297\" data-element_type=\"widget\" data-widget_type=\"text-editor.default\">\n\t\t\t\t\t\t\t\t\t<p>02.<\/p>\t\t\t\t\t\t\t\t<\/div>\n\t\t\t\t<div class=\"elementor-element elementor-element-66e89595 wd-animation-slide-from-top wd-animation-fast wd_delay_500 elementor-widget elementor-widget-wd_text_block\" data-id=\"66e89595\" data-element_type=\"widget\" data-widget_type=\"wd_text_block.default\">\n\t\t\t\t<div class=\"elementor-widget-container\">\n\t\t\t\t\t\t\t<div class=\"wd-text-block reset-last-child text-center\">\n\t\t\t\n\t\t\t<p>\u0130 Z C \u0130 A H \u015e A P<\/p>\n\t\t\t\t\t<\/div>\n\t\t\t\t\t\t<\/div>\n\t\t\t\t<\/div>\n\t\t\t\t<div class=\"elementor-element elementor-element-51fa3290 wd-animation-slide-from-top wd-animation-fast wd_delay_400 wd-width-100 elementor-widget elementor-widget-wd_title\" data-id=\"51fa3290\" data-element_type=\"widget\" data-widget_type=\"wd_title.default\">\n\t\t\t\t<div class=\"elementor-widget-container\">\n\t\t\t\t\t\t\t<div class=\"title-wrapper wd-set-mb reset-last-child wd-title-color-default wd-title-style-default wd-title-size-extra-large text-center\">\n\n\t\t\t\n\t\t\t<div class=\"liner-continer\">\n\t\t\t\t<h4 class=\"woodmart-title-container title wd-fontsize-xxxl wd-underline-colored\">\ud83d\udccd \u0392\u03af\u03bb\u03b1 \u039b\u03b5\u03c5\u03ba\u03c9\u03c3\u03af\u03b1\u03c2 \u2014 \u03a3\u03c5\u03c3\u03c4\u03ae\u03bc\u03b1\u03c4\u03b1 <u>\u039a\u03bf\u03c5\u03b6\u03af\u03bd\u03b1\u03c2 \u03ba\u03b1\u03b9 \u039d\u03c4\u03bf\u03c5\u03bb\u03b1\u03c0\u03b9\u03ce\u03bd<\/u><\/h4> \n\t\t\t\t\t\t\t<\/div>\n\n\t\t\t\t\t<\/div>\n\t\t\t\t\t\t<\/div>\n\t\t\t\t<\/div>\n\t\t\t\t<div class=\"elementor-element elementor-element-33a5c7a4 wd-animation-slide-from-top wd-animation-fast wd_delay_250 elementor-widget elementor-widget-wd_text_block\" data-id=\"33a5c7a4\" data-element_type=\"widget\" data-widget_type=\"wd_text_block.default\">\n\t\t\t\t<div class=\"elementor-widget-container\">\n\t\t\t\t\t\t\t<div class=\"wd-text-block reset-last-child text-center\">\n\t\t\t\n\t\t\t<p>\u0388\u03bd\u03b1 \u03c3\u03cd\u03b3\u03c7\u03c1\u03bf\u03bd\u03bf concept \u03ba\u03bf\u03c5\u03b6\u03af\u03bd\u03b1\u03c2 \u03bc\u03b5 \u03c6\u03c5\u03c3\u03b9\u03ba\u03bf\u03cd\u03c2 \u03c4\u03cc\u03bd\u03bf\u03c5\u03c2, \u03ac\u03bd\u03b5\u03c4\u03bf\u03c5\u03c2 \u03b1\u03c0\u03bf\u03b8\u03b7\u03ba\u03b5\u03c5\u03c4\u03b9\u03ba\u03bf\u03cd\u03c2 \u03c7\u03ce\u03c1\u03bf\u03c5\u03c2 \u03ba\u03b1\u03b9 \u03bb\u03b5\u03b9\u03c4\u03bf\u03c5\u03c1\u03b3\u03b9\u03ba\u03ae \u03b4\u03b9\u03ac\u03c4\u03b1\u03be\u03b7. \u03a7\u03c1\u03b7\u03c3\u03b9\u03bc\u03bf\u03c0\u03bf\u03b9\u03ae\u03b8\u03b7\u03ba\u03b1\u03bd \u03b5\u03c0\u03b9\u03c6\u03ac\u03bd\u03b5\u03b9\u03b5\u03c2 \u03c5\u03c8\u03b7\u03bb\u03ae\u03c2 \u03b1\u03bd\u03c4\u03bf\u03c7\u03ae\u03c2 \u03ce\u03c3\u03c4\u03b5 \u03bf \u03c7\u03ce\u03c1\u03bf\u03c2 \u03bd\u03b1 \u03b5\u03be\u03c5\u03c0\u03b7\u03c1\u03b5\u03c4\u03b5\u03af \u03b5\u03c1\u03b3\u03bf\u03bd\u03bf\u03bc\u03b9\u03ba\u03ac \u03c4\u03b7 \u03c7\u03c1\u03ae\u03c3\u03b7.<\/p>\n\t\t\t\t\t<\/div>\n\t\t\t\t\t\t<\/div>\n\t\t\t\t<\/div>\n\t\t\t\t\t<\/div>\n\t\t<\/div>\n\t\t\t\t<div class=\"elementor-column elementor-col-33 elementor-top-column elementor-element elementor-element-21b62217\" data-id=\"21b62217\" data-element_type=\"column\">\n\t\t\t<div class=\"elementor-widget-wrap elementor-element-populated\">\n\t\t\t\t\t\t<div class=\"elementor-element elementor-element-a377a3b wd-animation-slide-from-top wd-animation-fast elementor-widget elementor-widget-wd_image_or_svg\" data-id=\"a377a3b\" data-element_type=\"widget\" data-widget_type=\"wd_image_or_svg.default\">\n\t\t\t\t<div class=\"elementor-widget-container\">\n\t\t\t\t\t\n\t\t<div class=\"wd-image text-center\">\n\t\t\t\t\t\t\t\t<img decoding=\"async\" width=\"2401\" height=\"1601\" src=\"https:\/\/www.izciahsap.net\/wp-content\/uploads\/2025\/11\/Custom-Kitchen-Woodwork.jpg\" class=\"attachment-full size-full\" alt=\"\" srcset=\"https:\/\/www.izciahsap.net\/wp-content\/uploads\/2025\/11\/Custom-Kitchen-Woodwork.jpg 2401w, https:\/\/www.izciahsap.net\/wp-content\/uploads\/2025\/11\/Custom-Kitchen-Woodwork-300x200.jpg 300w, https:\/\/www.izciahsap.net\/wp-content\/uploads\/2025\/11\/Custom-Kitchen-Woodwork-1024x683.jpg 1024w, https:\/\/www.izciahsap.net\/wp-content\/uploads\/2025\/11\/Custom-Kitchen-Woodwork-768x512.jpg 768w, https:\/\/www.izciahsap.net\/wp-content\/uploads\/2025\/11\/Custom-Kitchen-Woodwork-1536x1024.jpg 1536w, https:\/\/www.izciahsap.net\/wp-content\/uploads\/2025\/11\/Custom-Kitchen-Woodwork-2048x1366.jpg 2048w\" sizes=\"(max-width: 2401px) 100vw, 2401px\" \/>\t\t\t\t\t<\/div>\n\n\t\t\t\t\t\t<\/div>\n\t\t\t\t<\/div>\n\t\t\t\t\t<\/div>\n\t\t<\/div>\n\t\t\t\t\t<\/div>\n\t\t<\/section>\n\t\t\t\t<section class=\"wd-negative-gap elementor-section elementor-top-section elementor-element elementor-element-47a9d4f wd-section-stretch-content elementor-section-content-middle elementor-section-boxed elementor-section-height-default elementor-section-height-default\" data-id=\"47a9d4f\" data-element_type=\"section\" data-settings=\"{&quot;background_background&quot;:&quot;classic&quot;}\">\n\t\t\t\t\t\t<div class=\"elementor-container elementor-column-gap-extended\">\n\t\t\t\t\t<div class=\"elementor-column elementor-col-33 elementor-top-column elementor-element elementor-element-6b86a01\" data-id=\"6b86a01\" data-element_type=\"column\">\n\t\t\t<div class=\"elementor-widget-wrap elementor-element-populated\">\n\t\t\t\t\t\t<div class=\"elementor-element elementor-element-fd121fa wd-animation-slide-from-top wd-animation-fast elementor-widget elementor-widget-wd_image_or_svg\" data-id=\"fd121fa\" data-element_type=\"widget\" data-widget_type=\"wd_image_or_svg.default\">\n\t\t\t\t<div class=\"elementor-widget-container\">\n\t\t\t\t\t\n\t\t<div class=\"wd-image text-center\">\n\t\t\t\t\t\t\t\t<img decoding=\"async\" width=\"2401\" height=\"1601\" src=\"https:\/\/www.izciahsap.net\/wp-content\/uploads\/2025\/11\/office.jpg\" class=\"attachment-full size-full\" alt=\"\" srcset=\"https:\/\/www.izciahsap.net\/wp-content\/uploads\/2025\/11\/office.jpg 2401w, https:\/\/www.izciahsap.net\/wp-content\/uploads\/2025\/11\/office-300x200.jpg 300w, https:\/\/www.izciahsap.net\/wp-content\/uploads\/2025\/11\/office-1024x683.jpg 1024w, https:\/\/www.izciahsap.net\/wp-content\/uploads\/2025\/11\/office-768x512.jpg 768w, https:\/\/www.izciahsap.net\/wp-content\/uploads\/2025\/11\/office-1536x1024.jpg 1536w, https:\/\/www.izciahsap.net\/wp-content\/uploads\/2025\/11\/office-2048x1366.jpg 2048w\" sizes=\"(max-width: 2401px) 100vw, 2401px\" \/>\t\t\t\t\t<\/div>\n\n\t\t\t\t\t\t<\/div>\n\t\t\t\t<\/div>\n\t\t\t\t\t<\/div>\n\t\t<\/div>\n\t\t\t\t<div class=\"elementor-column elementor-col-33 elementor-top-column elementor-element elementor-element-50f58d8\" data-id=\"50f58d8\" data-element_type=\"column\">\n\t\t\t<div class=\"elementor-widget-wrap elementor-element-populated\">\n\t\t\t\t\t\t<div class=\"elementor-element elementor-element-3c70832 text-right elementor-hidden-phone wd-animation-slide-from-top wd-animation-fast color-scheme-inherit elementor-widget elementor-widget-text-editor\" data-id=\"3c70832\" data-element_type=\"widget\" data-widget_type=\"text-editor.default\">\n\t\t\t\t\t\t\t\t\t<p>02.<\/p>\t\t\t\t\t\t\t\t<\/div>\n\t\t\t\t<div class=\"elementor-element elementor-element-35fe2eb wd-animation-slide-from-top wd-animation-fast wd_delay_500 elementor-widget elementor-widget-wd_text_block\" data-id=\"35fe2eb\" data-element_type=\"widget\" data-widget_type=\"wd_text_block.default\">\n\t\t\t\t<div class=\"elementor-widget-container\">\n\t\t\t\t\t\t\t<div class=\"wd-text-block reset-last-child text-center\">\n\t\t\t\n\t\t\t<p>\u0130 Z C \u0130 A H \u015e A P<\/p>\n\t\t\t\t\t<\/div>\n\t\t\t\t\t\t<\/div>\n\t\t\t\t<\/div>\n\t\t\t\t<div class=\"elementor-element elementor-element-ec416bc wd-animation-slide-from-top wd-animation-fast wd_delay_400 wd-width-100 elementor-widget elementor-widget-wd_title\" data-id=\"ec416bc\" data-element_type=\"widget\" data-widget_type=\"wd_title.default\">\n\t\t\t\t<div class=\"elementor-widget-container\">\n\t\t\t\t\t\t\t<div class=\"title-wrapper wd-set-mb reset-last-child wd-title-color-default wd-title-style-default wd-title-size-extra-large text-center\">\n\n\t\t\t\n\t\t\t<div class=\"liner-continer\">\n\t\t\t\t<h4 class=\"woodmart-title-container title wd-fontsize-xxxl wd-underline-colored\">\ud83d\udccd <u>\u0391\u03af\u03c4\u03b7\u03c3\u03b7<\/u> \u0393\u03c1\u03b1\u03c6\u03b5\u03af\u03bf\u03c5 \u039a\u03b5\u03c1\u03cd\u03bd\u03b5\u03b9\u03b1\u03c2<\/h4> \n\t\t\t\t\t\t\t<\/div>\n\n\t\t\t\t\t<\/div>\n\t\t\t\t\t\t<\/div>\n\t\t\t\t<\/div>\n\t\t\t\t<div class=\"elementor-element elementor-element-762cf75 wd-animation-slide-from-top wd-animation-fast wd_delay_250 elementor-widget elementor-widget-wd_text_block\" data-id=\"762cf75\" data-element_type=\"widget\" data-widget_type=\"wd_text_block.default\">\n\t\t\t\t<div class=\"elementor-widget-container\">\n\t\t\t\t\t\t\t<div class=\"wd-text-block reset-last-child text-center\">\n\t\t\t\n\t\t\t<p>\u039a\u03b1\u03c4\u03b1\u03c3\u03ba\u03b5\u03c5\u03ac\u03c3\u03c4\u03b7\u03ba\u03b1\u03bd \u03ad\u03c0\u03b9\u03c0\u03bb\u03b1 \u03b3\u03c1\u03b1\u03c6\u03b5\u03af\u03bf\u03c5 \u03c3\u03cd\u03bc\u03c6\u03c9\u03bd\u03b1 \u03bc\u03b5 \u03c4\u03b7\u03bd \u03b5\u03c4\u03b1\u03b9\u03c1\u03b9\u03ba\u03ae \u03c4\u03b1\u03c5\u03c4\u03cc\u03c4\u03b7\u03c4\u03b1, \u03b4\u03b7\u03bc\u03b9\u03bf\u03c5\u03c1\u03b3\u03ce\u03bd\u03c4\u03b1\u03c2 \u03ad\u03bd\u03b1 \u03c3\u03cd\u03b3\u03c7\u03c1\u03bf\u03bd\u03bf \u03ba\u03b1\u03b9 \u03b5\u03c0\u03b1\u03b3\u03b3\u03b5\u03bb\u03bc\u03b1\u03c4\u03b9\u03ba\u03cc \u03c0\u03b5\u03c1\u03b9\u03b2\u03ac\u03bb\u03bb\u03bf\u03bd. \u039f\u03b9 \u03c7\u03ce\u03c1\u03bf\u03b9 \u03b5\u03c1\u03b3\u03b1\u03c3\u03af\u03b1\u03c2 \u03ba\u03b1\u03b9 \u03b1\u03c0\u03bf\u03b8\u03ae\u03ba\u03b5\u03c5\u03c3\u03b7\u03c2 \u03c3\u03c7\u03b5\u03b4\u03b9\u03ac\u03c3\u03c4\u03b7\u03ba\u03b1\u03bd \u03b3\u03b9\u03b1 \u03c5\u03c8\u03b7\u03bb\u03ae \u03b1\u03bd\u03c4\u03bf\u03c7\u03ae \u03c3\u03c4\u03b7 \u03c7\u03c1\u03ae\u03c3\u03b7.<\/p>\n\t\t\t\t\t<\/div>\n\t\t\t\t\t\t<\/div>\n\t\t\t\t<\/div>\n\t\t\t\t\t<\/div>\n\t\t<\/div>\n\t\t\t\t<div class=\"elementor-column elementor-col-33 elementor-top-column elementor-element elementor-element-7e501f6\" data-id=\"7e501f6\" data-element_type=\"column\">\n\t\t\t<div class=\"elementor-widget-wrap elementor-element-populated\">\n\t\t\t\t\t\t<div class=\"elementor-element elementor-element-767b9b5 wd-animation-slide-from-top wd-animation-fast elementor-widget elementor-widget-wd_image_or_svg\" data-id=\"767b9b5\" data-element_type=\"widget\" data-widget_type=\"wd_image_or_svg.default\">\n\t\t\t\t<div class=\"elementor-widget-container\">\n\t\t\t\t\t\n\t\t<div class=\"wd-image text-center\">\n\t\t\t\t\t\t\t\t<img loading=\"lazy\" decoding=\"async\" width=\"1472\" height=\"832\" src=\"https:\/\/www.izciahsap.net\/wp-content\/uploads\/2025\/12\/izciahsap_isler-1.jpg\" class=\"attachment-full size-full\" alt=\"\" srcset=\"https:\/\/www.izciahsap.net\/wp-content\/uploads\/2025\/12\/izciahsap_isler-1.jpg 1472w, https:\/\/www.izciahsap.net\/wp-content\/uploads\/2025\/12\/izciahsap_isler-1-300x170.jpg 300w, https:\/\/www.izciahsap.net\/wp-content\/uploads\/2025\/12\/izciahsap_isler-1-1024x579.jpg 1024w, https:\/\/www.izciahsap.net\/wp-content\/uploads\/2025\/12\/izciahsap_isler-1-768x434.jpg 768w\" sizes=\"(max-width: 1472px) 100vw, 1472px\" \/>\t\t\t\t\t<\/div>\n\n\t\t\t\t\t\t<\/div>\n\t\t\t\t<\/div>\n\t\t\t\t\t<\/div>\n\t\t<\/div>\n\t\t\t\t\t<\/div>\n\t\t<\/section>\n\t\t\t\t<section class=\"wd-negative-gap elementor-section elementor-top-section elementor-element elementor-element-cc20aa5 wd-section-stretch-content elementor-section-content-middle elementor-section-boxed elementor-section-height-default elementor-section-height-default\" data-id=\"cc20aa5\" data-element_type=\"section\" data-settings=\"{&quot;background_background&quot;:&quot;classic&quot;}\">\n\t\t\t\t\t\t<div class=\"elementor-container elementor-column-gap-extended\">\n\t\t\t\t\t<div class=\"elementor-column elementor-col-33 elementor-top-column elementor-element elementor-element-0bfb0d0\" data-id=\"0bfb0d0\" data-element_type=\"column\">\n\t\t\t<div class=\"elementor-widget-wrap elementor-element-populated\">\n\t\t\t\t\t\t<div class=\"elementor-element elementor-element-81a55e8 wd-animation-slide-from-top wd-animation-fast elementor-widget elementor-widget-wd_image_or_svg\" data-id=\"81a55e8\" data-element_type=\"widget\" data-widget_type=\"wd_image_or_svg.default\">\n\t\t\t\t<div class=\"elementor-widget-container\">\n\t\t\t\t\t\n\t\t<div class=\"wd-image text-center\">\n\t\t\t\t\t\t\t\t<img loading=\"lazy\" decoding=\"async\" width=\"1472\" height=\"832\" src=\"https:\/\/www.izciahsap.net\/wp-content\/uploads\/2025\/12\/izciahsap_isler-8.jpg\" class=\"attachment-full size-full\" alt=\"\" srcset=\"https:\/\/www.izciahsap.net\/wp-content\/uploads\/2025\/12\/izciahsap_isler-8.jpg 1472w, https:\/\/www.izciahsap.net\/wp-content\/uploads\/2025\/12\/izciahsap_isler-8-300x170.jpg 300w, https:\/\/www.izciahsap.net\/wp-content\/uploads\/2025\/12\/izciahsap_isler-8-1024x579.jpg 1024w, https:\/\/www.izciahsap.net\/wp-content\/uploads\/2025\/12\/izciahsap_isler-8-768x434.jpg 768w\" sizes=\"(max-width: 1472px) 100vw, 1472px\" \/>\t\t\t\t\t<\/div>\n\n\t\t\t\t\t\t<\/div>\n\t\t\t\t<\/div>\n\t\t\t\t\t<\/div>\n\t\t<\/div>\n\t\t\t\t<div class=\"elementor-column elementor-col-33 elementor-top-column elementor-element elementor-element-998f1c2\" data-id=\"998f1c2\" data-element_type=\"column\">\n\t\t\t<div class=\"elementor-widget-wrap elementor-element-populated\">\n\t\t\t\t\t\t<div class=\"elementor-element elementor-element-dce6db8 text-right elementor-hidden-phone wd-animation-slide-from-top wd-animation-fast color-scheme-inherit elementor-widget elementor-widget-text-editor\" data-id=\"dce6db8\" data-element_type=\"widget\" data-widget_type=\"text-editor.default\">\n\t\t\t\t\t\t\t\t\t<p>02.<\/p>\t\t\t\t\t\t\t\t<\/div>\n\t\t\t\t<div class=\"elementor-element elementor-element-0abe6a9 wd-animation-slide-from-top wd-animation-fast wd_delay_500 elementor-widget elementor-widget-wd_text_block\" data-id=\"0abe6a9\" data-element_type=\"widget\" data-widget_type=\"wd_text_block.default\">\n\t\t\t\t<div class=\"elementor-widget-container\">\n\t\t\t\t\t\t\t<div class=\"wd-text-block reset-last-child text-center\">\n\t\t\t\n\t\t\t<p>\u0130 Z C \u0130 A H \u015e A P<\/p>\n\t\t\t\t\t<\/div>\n\t\t\t\t\t\t<\/div>\n\t\t\t\t<\/div>\n\t\t\t\t<div class=\"elementor-element elementor-element-2ca0c3f wd-animation-slide-from-top wd-animation-fast wd_delay_400 wd-width-100 elementor-widget elementor-widget-wd_title\" data-id=\"2ca0c3f\" data-element_type=\"widget\" data-widget_type=\"wd_title.default\">\n\t\t\t\t<div class=\"elementor-widget-container\">\n\t\t\t\t\t\t\t<div class=\"title-wrapper wd-set-mb reset-last-child wd-title-color-default wd-title-style-default wd-title-size-extra-large text-center\">\n\n\t\t\t\n\t\t\t<div class=\"liner-continer\">\n\t\t\t\t<h4 class=\"woodmart-title-container title wd-fontsize-xxxl wd-underline-colored\">\ud83d\udccd \u0391\u03bc\u03bc\u03bf\u03c7\u03ce\u03c3\u03c4\u03bf\u03c5 <u>\u0395\u03bc\u03c0\u03bf\u03c1\u03b9\u03ba\u03cc \u0388\u03c1\u03b3\u03bf<\/u><\/h4> \n\t\t\t\t\t\t\t<\/div>\n\n\t\t\t\t\t<\/div>\n\t\t\t\t\t\t<\/div>\n\t\t\t\t<\/div>\n\t\t\t\t<div class=\"elementor-element elementor-element-d4bc2fe wd-animation-slide-from-top wd-animation-fast wd_delay_250 elementor-widget elementor-widget-wd_text_block\" data-id=\"d4bc2fe\" data-element_type=\"widget\" data-widget_type=\"wd_text_block.default\">\n\t\t\t\t<div class=\"elementor-widget-container\">\n\t\t\t\t\t\t\t<div class=\"wd-text-block reset-last-child text-center\">\n\t\t\t\n\t\t\t<p>\u03a0\u03c1\u03b1\u03b3\u03bc\u03b1\u03c4\u03bf\u03c0\u03bf\u03b9\u03ae\u03b8\u03b7\u03ba\u03b1\u03bd \u03be\u03cd\u03bb\u03b9\u03bd\u03b5\u03c2 \u03b5\u03c6\u03b1\u03c1\u03bc\u03bf\u03b3\u03ad\u03c2 \u03b3\u03b9\u03b1 \u03c7\u03ce\u03c1\u03bf \u03bb\u03b9\u03b1\u03bd\u03b9\u03ba\u03ae\u03c2, \u03bc\u03b5 \u03b5\u03c0\u03ad\u03ba\u03c4\u03b1\u03c3\u03b7 \u03c4\u03b7\u03c2 \u03b5\u03c0\u03b9\u03c6\u03ac\u03bd\u03b5\u03b9\u03b1\u03c2 \u03c0\u03c1\u03bf\u03b2\u03bf\u03bb\u03ae\u03c2 \u03c0\u03c1\u03bf\u03ca\u03cc\u03bd\u03c4\u03c9\u03bd \u03ba\u03b1\u03b9 \u03b6\u03b5\u03c3\u03c4\u03ae \u03b1\u03b9\u03c3\u03b8\u03b7\u03c4\u03b9\u03ba\u03ae \u03c4\u03bf\u03c5 \u03c7\u03ce\u03c1\u03bf\u03c5. \u0395\u03c0\u03b9\u03bb\u03ad\u03c7\u03b8\u03b7\u03ba\u03b1\u03bd \u03c5\u03bb\u03b9\u03ba\u03ac \u03b1\u03bd\u03b8\u03b5\u03ba\u03c4\u03b9\u03ba\u03ac \u03c3\u03b5 \u03c3\u03c5\u03bd\u03b5\u03c7\u03ae \u03c7\u03c1\u03ae\u03c3\u03b7.<\/p>\n\t\t\t\t\t<\/div>\n\t\t\t\t\t\t<\/div>\n\t\t\t\t<\/div>\n\t\t\t\t\t<\/div>\n\t\t<\/div>\n\t\t\t\t<div class=\"elementor-column elementor-col-33 elementor-top-column elementor-element elementor-element-4ad4d36\" data-id=\"4ad4d36\" data-element_type=\"column\">\n\t\t\t<div class=\"elementor-widget-wrap elementor-element-populated\">\n\t\t\t\t\t\t<div class=\"elementor-element elementor-element-de92968 wd-animation-slide-from-top wd-animation-fast elementor-widget elementor-widget-wd_image_or_svg\" data-id=\"de92968\" data-element_type=\"widget\" data-widget_type=\"wd_image_or_svg.default\">\n\t\t\t\t<div class=\"elementor-widget-container\">\n\t\t\t\t\t\n\t\t<div class=\"wd-image text-center\">\n\t\t\t\t\t\t\t\t<img loading=\"lazy\" decoding=\"async\" width=\"1472\" height=\"832\" src=\"https:\/\/www.izciahsap.net\/wp-content\/uploads\/2025\/12\/izciahsap_isler-18.jpg\" class=\"attachment-full size-full\" alt=\"\" srcset=\"https:\/\/www.izciahsap.net\/wp-content\/uploads\/2025\/12\/izciahsap_isler-18.jpg 1472w, https:\/\/www.izciahsap.net\/wp-content\/uploads\/2025\/12\/izciahsap_isler-18-300x170.jpg 300w, https:\/\/www.izciahsap.net\/wp-content\/uploads\/2025\/12\/izciahsap_isler-18-1024x579.jpg 1024w, https:\/\/www.izciahsap.net\/wp-content\/uploads\/2025\/12\/izciahsap_isler-18-768x434.jpg 768w\" sizes=\"(max-width: 1472px) 100vw, 1472px\" \/>\t\t\t\t\t<\/div>\n\n\t\t\t\t\t\t<\/div>\n\t\t\t\t<\/div>\n\t\t\t\t\t<\/div>\n\t\t<\/div>\n\t\t\t\t\t<\/div>\n\t\t<\/section>\n\t\t\t\t<\/div>\n\t\t","protected":false},"excerpt":{"rendered":"<p>02. \u0130 Z C \u0130 A H \u015e A P \ud83d\udccd \u0392\u03af\u03bb\u03b1 \u039b\u03b5\u03c5\u03ba\u03c9\u03c3\u03af\u03b1\u03c2 \u2014 \u03a3\u03c5\u03c3\u03c4\u03ae\u03bc\u03b1\u03c4\u03b1 \u039a\u03bf\u03c5\u03b6\u03af\u03bd\u03b1\u03c2 \u03ba\u03b1\u03b9 \u039d\u03c4\u03bf\u03c5\u03bb\u03b1\u03c0\u03b9\u03ce\u03bd \u0388\u03bd\u03b1 \u03c3\u03cd\u03b3\u03c7\u03c1\u03bf\u03bd\u03bf<\/p>\n","protected":false},"author":1,"featured_media":0,"parent":0,"menu_order":0,"comment_status":"closed","ping_status":"closed","template":"elementor_header_footer","meta":{"_themeisle_gutenberg_block_has_review":false,"footnotes":""},"class_list":["post-148","page","type-page","status-publish","hentry"],"_links":{"self":[{"href":"https:\/\/www.izciahsap.net\/el\/wp-json\/wp\/v2\/pages\/148","targetHints":{"allow":["GET"]}}],"collection":[{"href":"https:\/\/www.izciahsap.net\/el\/wp-json\/wp\/v2\/pages"}],"about":[{"href":"https:\/\/www.izciahsap.net\/el\/wp-json\/wp\/v2\/types\/page"}],"author":[{"embeddable":true,"href":"https:\/\/www.izciahsap.net\/el\/wp-json\/wp\/v2\/users\/1"}],"replies":[{"embeddable":true,"href":"https:\/\/www.izciahsap.net\/el\/wp-json\/wp\/v2\/comments?post=148"}],"version-history":[{"count":4,"href":"https:\/\/www.izciahsap.net\/el\/wp-json\/wp\/v2\/pages\/148\/revisions"}],"predecessor-version":[{"id":165,"href":"https:\/\/www.izciahsap.net\/el\/wp-json\/wp\/v2\/pages\/148\/revisions\/165"}],"wp:attachment":[{"href":"https:\/\/www.izciahsap.net\/el\/wp-json\/wp\/v2\/media?parent=148"}],"curies":[{"name":"wp","href":"https:\/\/api.w.org\/{rel}","templated":true}]}}